{"id":940,"date":"2021-06-15T19:23:56","date_gmt":"2021-06-15T16:23:56","guid":{"rendered":"https:\/\/perfectskin.katweb.eu\/muugitingimused\/"},"modified":"2023-01-30T18:26:37","modified_gmt":"2023-01-30T16:26:37","slug":"muugitingimused","status":"publish","type":"page","link":"https:\/\/delia.ee\/ru\/muugitingimused\/","title":{"rendered":"M\u00fc\u00fcgitingimused"},"content":{"rendered":"<p>Veebipoe delia.ee (edaspidi Veebipood) omanik on EVETAR O\u00dc (registrikood 11898990) asukohaga Pargi tn 10-2, Tartu 50103 Eesti.<\/p>\n<h3><strong>Mu\u0308u\u0308gilepingu kehtivus, kauba- ja hinnainfo<\/strong><\/h3>\n<p>Mu\u0308u\u0308gitingimused kehtivad Veebipoest kaupade ostmisel.<\/p>\n<p>Veebipoes mu\u0308u\u0308davate toodete hinnad on ma\u0308rgitud toodete juurde. Hinnale lisandub kauba ka\u0308ttetoimetamise tasu. Ko\u0303ik veebipoes mu\u0308u\u0308davate kaupade hinnad on eurodes ja sisaldavad k\u00e4ibemaksu.<\/p>\n<p>Kauba ka\u0308ttetoimetamise tasu so\u0303ltub ostja asukohast ning ka\u0308ttetoimetamise viisist. Ka\u0308ttetoimetamise tasu kuvatakse ostjale tellimuse vormistamisel.<\/p>\n<p>Teave kauba kohta on Veebipoes kirjas vahetult kauba juures.<\/p>\n<h3><strong>Tellimuse vormistamine<\/strong><\/h3>\n<p>Kauba tellimiseks tuleb soovitud tooted lisada ostukorvi. Tellimuse vormistamiseks tuleb ta\u0308ita no\u0303utud andmeva\u0308ljad ning valida sobiv toodete kohaletoimetamise viis. Seeja\u0308rel kuvatakse ekraanile summa, mille saab tasuda turvaliselt ja\u0308rgnevate makseviisidega:<\/p>\n<p>Eesti pangalingid: Swedbank, SEB, Luminor, LHV, Coop Pank, Citadele<br \/>\nL\u00e4ti pangalingid: Swedbank, SEB, Luminor, Citadele<br \/>\nLeedu pangalingid: Swedbank, SEB, Luminor, Citadele, \u0160iauliu Bankas, Medicinos Bankas<br \/>\nSoome pangalink: OP Corporate Bank<\/p>\n<p><strong><span style=\"text-decoration: underline;\">NB! Pangalingiga tasumisel vajutada kindlasti panga lehel nupule \u201eTagasi kaupmehe juurde\u201c.<\/span><\/strong><\/p>\n<p>Tasumine toimub va\u0308ljaspool Veebipoodi turvalises keskkonnas \u2013 pangalingiga tasumisel vastava panga turvalises keskkonnas. Leping jo\u0303ustub alates tasumisele kuuluva summa laekumisest Veebipoe arvelduskontole.<\/p>\n<p>Kui tellitud kaupa ei ole vo\u0303imalik tarnida kauba lo\u0303ppemise t\u00f5ttu vo\u0303i muul po\u0303hjusel, teavitatakse sellest ostjat esimesel vo\u0303imalusel ning tagastatakse tasutud summa (sh kauba ka\u0308ttetoimetamise kulud) viivitamata, kuid mitte hiljem kui 14 pa\u0308eva jooksul p\u00e4rast teate saatmist.<\/p>\n<h3><strong>Kohaletoimetamine <\/strong><\/h3>\n<p>Kaupu saadetakse ja\u0308rgmistesse riikidesse: Eesti, Soome, L\u00e4ti, Leedu.<\/p>\n<p>Kauba ka\u0308ttesaamiseks on ostjal ja\u0308rgnevad valikud: Itella SmartShip.<\/p>\n<p>Kauba saatmiskulud kannab ostja ning vastav hinnainfo on kuvatud saatmisviisi juures.<\/p>\n<p>Eesti-sisesed saadetised jo\u0303uavad u\u0308ldjuhul ostja ma\u0308a\u0308ratud sihtpunkti 5 to\u0308o\u0308pa\u0308eva jooksul alates mu\u0308u\u0308gilepingu jo\u0303ustumisest. Va\u0308ljaspool Eestit toimub kohaletoimetamine 14 kalendripa\u0308eva jooksul.<\/p>\n<p>Erandjuhtudel on o\u0303igus kaup kohale toimetada kuni 45 kalendripa\u0308eva jooksul.<\/p>\n<h3><strong>Taganemiso\u0303igus<\/strong><\/h3>\n<p>Pa\u0308rast tellimuse ka\u0308ttesaamist on ostjal o\u0303igus e-poes so\u0303lmitud lepingust taganeda 14 pa\u0308eva jooksul.<\/p>\n<p>Kauba tagastamiseks tuleb esitada kauba ostmisest taganemise avaldus, mille vormi leiab\u00a0<a href=\"https:\/\/delia.ee\/wp-content\/uploads\/2022\/09\/Kauba-ostust-taganemise-avaldus-Delia-3.pdf\" target=\"_blank\" rel=\"noopener\">siit<\/a>, ning saata see e-posti aadressile &#x69;&#x6e;&#x66;&#x6f;&#x2e;&#x74;&#x65;&#x6c;&#x6c;&#x69;&#x6d;&#x75;&#x73;&#x40;&#x67;&#x6d;&#x61;&#x69;&#x6c;&#x2e;&#x63;&#x6f;&#x6d; hiljemalt 14 pa\u0308eva jooksul p\u00e4rast kauba ka\u0308ttesaamist.<\/p>\n<p>NB! Olenevalt toodetest ei pruugi ostjal taganemise o\u0303igust olla, vastavad tooted ja teenused tuleb sellisel juhul loetleda ning need peavad vastama vo\u0303lao\u0303igusseaduse \u00a7 53 lg-s 4 loetletud tingimustele.<\/p>\n<p><strong>Taganemis\u00f5igus ei kehti:<\/strong><\/p>\n<p>-kaupade kohta, mida oma olemuse t\u00f5ttu ei saa tagastada ja mis on tarnitud suletud pakendis, kuid mille klient on avanud;<\/p>\n<p>-kaupade kohta, mis ei oleks peale pakendi avamist k\u00f5lblikud tagasisaatmiseks tervisekaitse v\u00f5i h\u00fcgieenilistel p\u00f5hjustel;<\/p>\n<p>-kaupade kohta, mille pakendi mitteavamist v\u00f5i kauba mittekasutamist ei ole Veebipoel v\u00f5imalik tuvastada (nt tootel puudub foolium\/kile korgi \u00fcmber);<\/p>\n<p>-toote kohta, mida on kasutatud majandus- ja kutsetegevuse eesm\u00e4rgil.<\/p>\n<p>Kauba tagastamisel tagastab Veebipood ostjale tagastatava toote maksumuse viivitamata, kuid hiljemalt 14 p\u00e4eva m\u00f6\u00f6dumisel p\u00e4evast, mil Veebipood saab teada ostja otsusest toode tagastada.<\/p>\n<p>Veebipood vo\u0303ib keelduda tagasimaksete tegemisest seni, kuni on lepingu esemeks oleva asja tagasi saanud vo\u0303i kuni ostja on esitanud to\u0303endid, et on asja tagasi saatnud, so\u0303ltuvalt sellest, kumb toimub varem.<\/p>\n<p>Kauba tagastamise kulud <strong>kannab Ostja<\/strong>, v\u00e4lja arvatud juhul, kui tagastamisele kuuluv toode ei vasta tellitule (nt vale v\u00f5i defektiga toode).<\/p>\n<p>Ostja peab toote Veebipoele tagastama viivitamata, kuid hiljemalt 14 p\u00e4eva m\u00f6\u00f6dumisel p\u00e4evast, mil ta teavitas Veebipoodi toote tagastamise soovist.<\/p>\n<p>Kui ostja on so\u0303naselgelt valinud Veebipoe pakutud ko\u0303ige odavamast tavapa\u0308rasest ka\u0308ttetoimetamise viisist erineva ka\u0308ttetoimetamise viisi, ei pea Veebipood tarbijale tagastama kulu, mis u\u0308letab tavapa\u0308rase ka\u0308ttetoimetamise viisiga seotud kulu.<\/p>\n<p><strong>T\u00e4htajast on kinni peetud, kui Ostja tagastab Toote enne 14-p\u00e4evase t\u00e4htaja l\u00f5ppu.<\/strong><\/p>\n<p>Toodet saab tagastada:<br \/>\n1. Tartus,\u00a0 Pargi 10-2;<br \/>\n2. pakiautomaati, kasutades saadud koodi.<\/p>\n<p>Kui ostja on tagastatavat toodet kasutanud v\u00f5i proovinud muul moel, kui seda oleks lubatud tavap\u00e4raselt teha poes, v\u00f5i ta on kasutanud toodet rohkem, kui on vaja teha selle olemuses, omadustes ja toimimises veendumiseks, siis vastutab ostja toote v\u00e4\u00e4rtuse v\u00e4henemise eest ning Veebipoel on \u00f5igus see summa tagastamisele kuuluvast ostuhinnast maha arvata. Juhul, kui ostja ei ole n\u00f5us Veebipoe poolt n\u00e4idatud v\u00e4\u00e4rtuse v\u00e4henemisega, on tal \u00f5igus selle kindlaks tegemiseks p\u00f6\u00f6rduda s\u00f5ltumatu eksperdi poole. S\u00f5ltumatu eksperdi kulud tasub pool, kelle seisukoht ei osutunud p\u00f5hjendatuks. Kui sellise poole v\u00e4lja selgitamine osutub v\u00f5imatuks, siis jagatakse ekspertiisiga seotud kulud ostja ja Veebipoe vahel pooleks.<\/p>\n<p>Kui selgub, et ostja ei ole saanud tellitud toodet, toode ei vasta e-poes olevale kirjeldusele v\u00f5i tootel ilmneb viga, siis ei pea ostja tegema taganemisavaldust 14 p\u00e4eva jooksul, vaid v\u00f5ib kasutada seadusest tulenevat pretensiooni esitamise \u00f5igust.<\/p>\n<h3><strong>Pretensiooni esitamise o\u0303igus<\/strong><\/h3>\n<p>Veebipood vastutab ostjale mu\u0308u\u0308dud kauba lepingutingimustele mittevastavuse vo\u0303i sellel esinevate puuduste eest, mis oli olemas juba asja u\u0308leandmise hetkel ning mis ilmneb kuni kahe aasta jooksul alates kauba u\u0308leandmisest ostjale. Sellest esimese kuue kuu jooksul p\u00e4rast asja u\u0308leandmist ostjale eeldatakse, et puudus oli olemas juba asja u\u0308leandmise ajal. Vastava eelduse u\u0308mberlu\u0308kkamine on Veebipoe kohustus.<\/p>\n<p>Ostjal on o\u0303igus puuduse ilmnemisel po\u0308o\u0308rduda hiljemalt kahe kuu jooksul veebipoe poole, saates e-kirja aadressile info&#46;&#116;&#101;&#108;&#108;&#x69;&#x6d;&#x75;&#x73;&#x40;&#x67;&#x6d;ail&#46;&#99;&#111;&#109; vo\u0303i helistada telefonil: +372 56990979.<\/p>\n<p><strong>Veebipood ei vastuta puuduste eest, mis on tekkinud pa\u0308rast kauba u\u0308leandmist ostjale.<\/strong><\/p>\n<p>Kui Veebipoest ostetud kaubal on puudused, mille eest Veebipood vastutab, parandab vo\u0303i asendab Veebipood puudusega kauba. Kui kaupa ei ole vo\u0303imalik parandada ega asendada, tagastab Veebipood ostjale ko\u0303ik mu\u0308u\u0308gilepinguga kaasnenud tasud.<\/p>\n<p>Veebipood vastab tarbija esitatud kaebusele kirjalikult vo\u0303i kirjalikku taasesitamist vo\u0303imaldavas vormis 15 pa\u0308eva jooksul.<\/p>\n<h3><strong>Otseturustus ja isikuandmete to\u0308o\u0308tlemine<\/strong><\/h3>\n<p>Veebipoe omanik on isikuandmete vastutav to\u0308o\u0308tleja.<\/p>\n<p>Veebipood kasutab ostja sisestatud isikuandmeid ainult tellimuse to\u0308o\u0308tlemiseks ning kauba ostjale saatmiseks. Veebipood edastab isikuandmeid veoteenust pakkuvale ettevo\u0303tetele selleks, et kohale toimetada kaupa.<\/p>\n<h3><strong>Vaidluste lahendamine<\/strong><\/h3>\n<p><strong>Kui ostjal on Veebipoele pretensioone, tuleb need saata e-kirjaga aadressile &#x69;&#x6e;&#x66;&#x6f;&#46;&#116;&#101;ll&#x69;&#x6d;&#x75;&#x73;&#x40;&#103;&#109;&#97;il&#x2e;&#x63;&#x6f;&#x6d; vo\u0303i helistada telefonil: +372 56990979<\/strong><\/p>\n<p>Kui ostja ja Veebipood ei suuda lahendada vaidlust kokkuleppe teel, siis on ostjal vo\u0303imalik po\u0308o\u0308rduda Tarbijavaidluste komisjoni poole. Menetlustingimustega saab tutvuda ning avaldust esitada\u00a0<a href=\"https:\/\/komisjon.ee\/et\/avalduse-esitamine\" target=\"_blank\" rel=\"noopener\">siin<\/a>. Tarbijavaidluste komisjoni pa\u0308devuses on lahendada ostja ja Veebipoe vahel so\u0303lmitud lepingust tulenevaid vaidlusi. Ostja kaebuse la\u0308bivaatamine komisjonis on tasuta.<\/p>\n<p>Ostja vo\u0303ib po\u0308o\u0308rduda Euroopa Liidu tarbijavaidlusi lahendava platvormi\u00a0<a href=\"https:\/\/ec.europa.eu\/consumers\/odr\/main\/index.cfm?event=main.home2.show&amp;lng=ET\" target=\"_blank\" rel=\"noopener\">poole<\/a>.<\/p>\n<p>&nbsp;<\/p>\n","protected":false},"excerpt":{"rendered":"<p>Veebipoe delia.ee (edaspidi Veebipood) omanik on EVETAR O\u00dc (registrikood 11898990) asukohaga Pargi tn 10-2, Tartu 50103 Eesti. Mu\u0308u\u0308gilepingu kehtivus, kauba- ja hinnainfo Mu\u0308u\u0308gitingimused kehtivad Veebipoest kaupade ostmisel. Veebipoes mu\u0308u\u0308davate toodete hinnad on ma\u0308rgitud toodete juurde. Hinnale lisandub kauba ka\u0308ttetoimetamise tasu. Ko\u0303ik veebipoes mu\u0308u\u0308davate kaupade hinnad on eurodes ja sisaldavad k\u00e4ibemaksu. Kauba ka\u0308ttetoimetamise tasu so\u0303ltub ostja [&#8230;]\n","protected":false},"author":1,"featured_media":0,"parent":0,"menu_order":0,"comment_status":"closed","ping_status":"closed","template":"page-blank-title-center.php","meta":{"footnotes":""},"class_list":["post-940","page","type-page","status-publish","hentry"],"yoast_head":"<!-- This site is optimized with the Yoast SEO plugin v27.5 - https:\/\/yoast.com\/product\/yoast-seo-wordpress\/ -->\n<title>M\u00fc\u00fcgitingimused - Delia<\/title>\n<meta name=\"robots\" content=\"index, follow, max-snippet:-1, max-image-preview:large, max-video-preview:-1\" \/>\n<link rel=\"canonical\" href=\"https:\/\/delia.ee\/ru\/muugitingimused\/\" \/>\n<meta property=\"og:locale\" content=\"ru_RU\" \/>\n<meta property=\"og:type\" content=\"article\" \/>\n<meta property=\"og:title\" content=\"M\u00fc\u00fcgitingimused - Delia\" \/>\n<meta property=\"og:description\" content=\"Veebipoe delia.ee (edaspidi Veebipood) omanik on EVETAR O\u00dc (registrikood 11898990) asukohaga Pargi tn 10-2, Tartu 50103 Eesti. Mu\u0308u\u0308gilepingu kehtivus, kauba- ja hinnainfo Mu\u0308u\u0308gitingimused kehtivad Veebipoest kaupade ostmisel. Veebipoes mu\u0308u\u0308davate toodete hinnad on ma\u0308rgitud toodete juurde. Hinnale lisandub kauba ka\u0308ttetoimetamise tasu. Ko\u0303ik veebipoes mu\u0308u\u0308davate kaupade hinnad on eurodes ja sisaldavad k\u00e4ibemaksu. Kauba ka\u0308ttetoimetamise tasu so\u0303ltub ostja [...]\" \/>\n<meta property=\"og:url\" content=\"https:\/\/delia.ee\/ru\/muugitingimused\/\" \/>\n<meta property=\"og:site_name\" content=\"Delia\" \/>\n<meta property=\"article:modified_time\" content=\"2023-01-30T16:26:37+00:00\" \/>\n<meta name=\"twitter:card\" content=\"summary_large_image\" \/>\n<meta name=\"twitter:label1\" content=\"\u041f\u0440\u0438\u043c\u0435\u0440\u043d\u043e\u0435 \u0432\u0440\u0435\u043c\u044f \u0434\u043b\u044f \u0447\u0442\u0435\u043d\u0438\u044f\" \/>\n\t<meta name=\"twitter:data1\" content=\"5 \u043c\u0438\u043d\u0443\u0442\" \/>\n<script type=\"application\/ld+json\" class=\"yoast-schema-graph\">{\"@context\":\"https:\\\/\\\/schema.org\",\"@graph\":[{\"@type\":\"WebPage\",\"@id\":\"https:\\\/\\\/delia.ee\\\/ru\\\/muugitingimused\\\/\",\"url\":\"https:\\\/\\\/delia.ee\\\/ru\\\/muugitingimused\\\/\",\"name\":\"M\u00fc\u00fcgitingimused - Delia\",\"isPartOf\":{\"@id\":\"https:\\\/\\\/delia.ee\\\/#website\"},\"datePublished\":\"2021-06-15T16:23:56+00:00\",\"dateModified\":\"2023-01-30T16:26:37+00:00\",\"breadcrumb\":{\"@id\":\"https:\\\/\\\/delia.ee\\\/ru\\\/muugitingimused\\\/#breadcrumb\"},\"inLanguage\":\"ru-RU\",\"potentialAction\":[{\"@type\":\"ReadAction\",\"target\":[\"https:\\\/\\\/delia.ee\\\/ru\\\/muugitingimused\\\/\"]}]},{\"@type\":\"BreadcrumbList\",\"@id\":\"https:\\\/\\\/delia.ee\\\/ru\\\/muugitingimused\\\/#breadcrumb\",\"itemListElement\":[{\"@type\":\"ListItem\",\"position\":1,\"name\":\"Home\",\"item\":\"https:\\\/\\\/delia.ee\\\/ru\\\/\"},{\"@type\":\"ListItem\",\"position\":2,\"name\":\"M\u00fc\u00fcgitingimused\"}]},{\"@type\":\"WebSite\",\"@id\":\"https:\\\/\\\/delia.ee\\\/#website\",\"url\":\"https:\\\/\\\/delia.ee\\\/\",\"name\":\"Delia\",\"description\":\"Sisemine ilu ja harmoonia\",\"potentialAction\":[{\"@type\":\"SearchAction\",\"target\":{\"@type\":\"EntryPoint\",\"urlTemplate\":\"https:\\\/\\\/delia.ee\\\/?s={search_term_string}\"},\"query-input\":{\"@type\":\"PropertyValueSpecification\",\"valueRequired\":true,\"valueName\":\"search_term_string\"}}],\"inLanguage\":\"ru-RU\"}]}<\/script>\n<!-- \/ Yoast SEO plugin. -->","yoast_head_json":{"title":"M\u00fc\u00fcgitingimused - Delia","robots":{"index":"index","follow":"follow","max-snippet":"max-snippet:-1","max-image-preview":"max-image-preview:large","max-video-preview":"max-video-preview:-1"},"canonical":"https:\/\/delia.ee\/ru\/muugitingimused\/","og_locale":"ru_RU","og_type":"article","og_title":"M\u00fc\u00fcgitingimused - Delia","og_description":"Veebipoe delia.ee (edaspidi Veebipood) omanik on EVETAR O\u00dc (registrikood 11898990) asukohaga Pargi tn 10-2, Tartu 50103 Eesti. Mu\u0308u\u0308gilepingu kehtivus, kauba- ja hinnainfo Mu\u0308u\u0308gitingimused kehtivad Veebipoest kaupade ostmisel. Veebipoes mu\u0308u\u0308davate toodete hinnad on ma\u0308rgitud toodete juurde. Hinnale lisandub kauba ka\u0308ttetoimetamise tasu. Ko\u0303ik veebipoes mu\u0308u\u0308davate kaupade hinnad on eurodes ja sisaldavad k\u00e4ibemaksu. Kauba ka\u0308ttetoimetamise tasu so\u0303ltub ostja [...]","og_url":"https:\/\/delia.ee\/ru\/muugitingimused\/","og_site_name":"Delia","article_modified_time":"2023-01-30T16:26:37+00:00","twitter_card":"summary_large_image","twitter_misc":{"\u041f\u0440\u0438\u043c\u0435\u0440\u043d\u043e\u0435 \u0432\u0440\u0435\u043c\u044f \u0434\u043b\u044f \u0447\u0442\u0435\u043d\u0438\u044f":"5 \u043c\u0438\u043d\u0443\u0442"},"schema":{"@context":"https:\/\/schema.org","@graph":[{"@type":"WebPage","@id":"https:\/\/delia.ee\/ru\/muugitingimused\/","url":"https:\/\/delia.ee\/ru\/muugitingimused\/","name":"M\u00fc\u00fcgitingimused - Delia","isPartOf":{"@id":"https:\/\/delia.ee\/#website"},"datePublished":"2021-06-15T16:23:56+00:00","dateModified":"2023-01-30T16:26:37+00:00","breadcrumb":{"@id":"https:\/\/delia.ee\/ru\/muugitingimused\/#breadcrumb"},"inLanguage":"ru-RU","potentialAction":[{"@type":"ReadAction","target":["https:\/\/delia.ee\/ru\/muugitingimused\/"]}]},{"@type":"BreadcrumbList","@id":"https:\/\/delia.ee\/ru\/muugitingimused\/#breadcrumb","itemListElement":[{"@type":"ListItem","position":1,"name":"Home","item":"https:\/\/delia.ee\/ru\/"},{"@type":"ListItem","position":2,"name":"M\u00fc\u00fcgitingimused"}]},{"@type":"WebSite","@id":"https:\/\/delia.ee\/#website","url":"https:\/\/delia.ee\/","name":"Delia","description":"Sisemine ilu ja harmoonia","potentialAction":[{"@type":"SearchAction","target":{"@type":"EntryPoint","urlTemplate":"https:\/\/delia.ee\/?s={search_term_string}"},"query-input":{"@type":"PropertyValueSpecification","valueRequired":true,"valueName":"search_term_string"}}],"inLanguage":"ru-RU"}]}},"_links":{"self":[{"href":"https:\/\/delia.ee\/ru\/wp-json\/wp\/v2\/pages\/940","targetHints":{"allow":["GET"]}}],"collection":[{"href":"https:\/\/delia.ee\/ru\/wp-json\/wp\/v2\/pages"}],"about":[{"href":"https:\/\/delia.ee\/ru\/wp-json\/wp\/v2\/types\/page"}],"author":[{"embeddable":true,"href":"https:\/\/delia.ee\/ru\/wp-json\/wp\/v2\/users\/1"}],"replies":[{"embeddable":true,"href":"https:\/\/delia.ee\/ru\/wp-json\/wp\/v2\/comments?post=940"}],"version-history":[{"count":2,"href":"https:\/\/delia.ee\/ru\/wp-json\/wp\/v2\/pages\/940\/revisions"}],"predecessor-version":[{"id":9125,"href":"https:\/\/delia.ee\/ru\/wp-json\/wp\/v2\/pages\/940\/revisions\/9125"}],"wp:attachment":[{"href":"https:\/\/delia.ee\/ru\/wp-json\/wp\/v2\/media?parent=940"}],"curies":[{"name":"wp","href":"https:\/\/api.w.org\/{rel}","templated":true}]}}